{"id":3150,"date":"2023-04-26T08:25:06","date_gmt":"2023-04-26T06:25:06","guid":{"rendered":"https:\/\/magicplayers21.com\/joan-salva\/"},"modified":"2025-05-20T05:21:15","modified_gmt":"2025-05-20T03:21:15","slug":"joan-salva","status":"publish","type":"page","link":"https:\/\/magicplayers21.com\/en\/joan-salva\/","title":{"rendered":"Joan Salv\u00e0"},"content":{"rendered":"<p>[et_pb_section fb_built=&#8221;1&#8243; _builder_version=&#8221;4.17.6&#8243; _module_preset=&#8221;default&#8221; background_image=&#8221;https:\/\/magicplayers21.com\/wp-content\/uploads\/2022\/07\/magic-player-21-fondo-logo.png&#8221; background_size=&#8221;custom&#8221; background_image_width=&#8221;30%&#8221; background_position=&#8221;top_left&#8221; background_enable_pattern_style=&#8221;on&#8221; background_pattern_style=&#8221;tufted&#8221; custom_padding=&#8221;55px||0px||false|false&#8221; top_divider_style=&#8221;arrow2&#8243; top_divider_color=&#8221;#2d2d2d&#8221; top_divider_height=&#8221;35px&#8221; global_colors_info=&#8221;{}&#8221;][et_pb_row column_structure=&#8221;1_2,1_2&#8243; _builder_version=&#8221;4.17.6&#8243; _module_preset=&#8221;default&#8221; width=&#8221;90%&#8221; max_width=&#8221;1920px&#8221; custom_margin=&#8221;|auto|-121px|auto||&#8221; custom_padding=&#8221;10px||0px||false|false&#8221; global_colors_info=&#8221;{}&#8221;][et_pb_column type=&#8221;1_2&#8243; _builder_version=&#8221;4.17.6&#8243; _module_preset=&#8221;default&#8221; global_colors_info=&#8221;{}&#8221;][et_pb_image src=&#8221;https:\/\/magicplayers21.com\/wp-content\/uploads\/2023\/04\/joanSALVA.png&#8221; alt=&#8221;victor ruiz 1&#8243; title_text=&#8221;joanSALVA&#8221; _builder_version=&#8221;4.20.4&#8243; _module_preset=&#8221;default&#8221; transform_scale=&#8221;102%|102%&#8221; transform_scale_tablet=&#8221;122%|122%&#8221; transform_scale_phone=&#8221;146%|146%&#8221; transform_scale_last_edited=&#8221;on|phone&#8221; transform_translate=&#8221;31px|-2px&#8221; transform_translate_tablet=&#8221;5px|-65px&#8221; transform_translate_phone=&#8221;5px|29px&#8221; transform_translate_last_edited=&#8221;on|phone&#8221; transform_rotate_tablet=&#8221;&#8221; transform_rotate_phone=&#8221;&#8221; transform_rotate_last_edited=&#8221;on|desktop&#8221; transform_skew_tablet=&#8221;&#8221; transform_skew_phone=&#8221;&#8221; transform_skew_last_edited=&#8221;on|desktop&#8221; transform_origin_tablet=&#8221;&#8221; transform_origin_phone=&#8221;&#8221; transform_origin_last_edited=&#8221;on|desktop&#8221; transform_styles_last_edited=&#8221;on|phone&#8221; width=&#8221;81%&#8221; max_width=&#8221;98%&#8221; custom_margin=&#8221;0px||||false|false&#8221; custom_padding=&#8221;1px||||false|false&#8221; animation_style=&#8221;zoom&#8221; transform_styles_tablet=&#8221;&#8221; transform_styles_phone=&#8221;&#8221; global_colors_info=&#8221;{}&#8221;][\/et_pb_image][\/et_pb_column][et_pb_column type=&#8221;1_2&#8243; _builder_version=&#8221;4.17.6&#8243; _module_preset=&#8221;default&#8221; custom_padding=&#8221;3%||||false|false&#8221; global_colors_info=&#8221;{}&#8221;][et_pb_text _builder_version=&#8221;4.20.4&#8243; _module_preset=&#8221;default&#8221; header_font=&#8221;Montserrat|700||||on|||&#8221; header_text_align=&#8221;left&#8221; header_font_size=&#8221;40px&#8221; custom_margin=&#8221;||10px|||&#8221; global_colors_info=&#8221;{}&#8221;]<\/p>\n<h1><strong><span style=\"color: #c0cb3f;\">JOAN<\/span><span style=\"color: #c0cb3f;\"><span style=\"color: #000000;\"> SALV\u00c1<\/span><\/span><\/strong><\/h1>\n<p>[\/et_pb_text][et_pb_divider _builder_version=&#8221;4.17.6&#8243; _module_preset=&#8221;default&#8221; width=&#8221;25%&#8221; module_alignment=&#8221;left&#8221; custom_margin=&#8221;0px||24px||false|false&#8221; locked=&#8221;off&#8221; global_colors_info=&#8221;{}&#8221;][\/et_pb_divider][et_pb_text _builder_version=&#8221;4.20.4&#8243; _module_preset=&#8221;default&#8221; text_font=&#8221;Montserrat|800||||on|||&#8221; text_font_size=&#8221;26px&#8221; ul_font=&#8221;Montserrat|700||||on|||&#8221; ul_text_align=&#8221;left&#8221; ul_font_size=&#8221;20px&#8221; ul_line_height=&#8221;1.7em&#8221; header_text_color=&#8221;#000000&#8243; custom_margin=&#8221;7px|||||&#8221; custom_padding=&#8221;18px|||||&#8221; global_colors_info=&#8221;{}&#8221;]<\/p>\n<p><strong>Personal data<\/strong><\/p>\n<p><strong><\/strong><\/p>\n<ul>\n<li><strong>Name: Mart\u00ed Cresp\u00ed Pascual<\/strong><\/li>\n<li><strong>Date of birth: 15\/6\/87<\/strong><\/li>\n<li><strong>Place of birth: Sa Pobla, Mallorca, Spain<\/strong><\/li>\n<li><strong>Height \/ Weight: 178cm \/ 67kg<\/strong><\/li>\n<li><strong>Position: Central<\/strong><\/li>\n<\/ul>\n<p>[\/et_pb_text][\/et_pb_column][\/et_pb_row][\/et_pb_section][et_pb_section fb_built=&#8221;1&#8243; _builder_version=&#8221;4.17.6&#8243; _module_preset=&#8221;default&#8221; background_color=&#8221;#212121&#8243; custom_margin=&#8221;102px|||||&#8221; custom_padding=&#8221;50px||35px|||&#8221; top_divider_style=&#8221;slant2&#8243; top_divider_color=&#8221;#999b2d&#8221; top_divider_height=&#8221;45px&#8221; top_divider_flip=&#8221;horizontal&#8221; global_colors_info=&#8221;{}&#8221;][et_pb_row column_structure=&#8221;1_2,1_2&#8243; _builder_version=&#8221;4.17.6&#8243; _module_preset=&#8221;default&#8221; width=&#8221;75%&#8221; max_width=&#8221;1920px&#8221; module_alignment=&#8221;center&#8221; custom_margin=&#8221;|135px||auto||&#8221; custom_padding=&#8221;25px|||||&#8221; global_colors_info=&#8221;{}&#8221;][et_pb_column type=&#8221;1_2&#8243; _builder_version=&#8221;4.17.6&#8243; _module_preset=&#8221;default&#8221; global_colors_info=&#8221;{}&#8221;][et_pb_image src=&#8221;https:\/\/magicplayers21.com\/wp-content\/uploads\/2023\/04\/unnamed-5.jpg&#8221; title_text=&#8221;unnamed (5)&#8221; align=&#8221;center&#8221; _builder_version=&#8221;4.20.4&#8243; _module_preset=&#8221;default&#8221; custom_padding=&#8221;5%||||false|false&#8221; border_width_bottom=&#8221;10px&#8221; border_color_bottom=&#8221;#999b2d&#8221; border_width_left=&#8221;10px&#8221; border_color_left=&#8221;#c0cb3f&#8221; global_colors_info=&#8221;{}&#8221;][\/et_pb_image][\/et_pb_column][et_pb_column type=&#8221;1_2&#8243; _builder_version=&#8221;4.17.6&#8243; _module_preset=&#8221;default&#8221; global_colors_info=&#8221;{}&#8221;][et_pb_text _builder_version=&#8221;4.17.6&#8243; _module_preset=&#8221;default&#8221; header_font=&#8221;Montserrat|700||||on|||&#8221; header_text_align=&#8221;right&#8221; header_font_size=&#8221;40px&#8221; header_2_font=&#8221;Montserrat|700||on|||||&#8221; header_2_text_align=&#8221;right&#8221; header_2_font_size=&#8221;30px&#8221; custom_margin=&#8221;||10px|||&#8221; global_colors_info=&#8221;{}&#8221;]<\/p>\n<h2><span style=\"color: #ffffff;\"><strong>CAREER STORY<\/strong><\/span><\/h2>\n<p>[\/et_pb_text][et_pb_divider _builder_version=&#8221;4.17.6&#8243; _module_preset=&#8221;default&#8221; width=&#8221;25%&#8221; module_alignment=&#8221;right&#8221; custom_margin=&#8221;0px||24px||false|false&#8221; locked=&#8221;off&#8221; global_colors_info=&#8221;{}&#8221;][\/et_pb_divider][et_pb_text _builder_version=&#8221;4.20.4&#8243; _module_preset=&#8221;default&#8221; text_font=&#8221;Montserrat|800||||on|||&#8221; text_text_color=&#8221;#FFFFFF&#8221; text_font_size=&#8221;21px&#8221; text_orientation=&#8221;right&#8221; custom_padding=&#8221;1px|||||&#8221; global_colors_info=&#8221;{}&#8221;]<\/p>\n<p>17\/18 &#8211; 20\/21 &#8211; Villarreal CF C<\/p>\n<p>20\/21 &#8211; CE L&#8217;Hospitalet<\/p>\n<p>21\/22 &#8211; News &#8211; UD Poblense<\/p>\n<p>&nbsp;<\/p>\n<p>[\/et_pb_text][\/et_pb_column][\/et_pb_row][\/et_pb_section][et_pb_section fb_built=&#8221;1&#8243; prev_background_color=&#8221;#212121&#8243; _builder_version=&#8221;4.17.6&#8243; _module_preset=&#8221;default&#8221; background_enable_pattern_style=&#8221;on&#8221; background_pattern_style=&#8221;tufted&#8221; custom_padding=&#8221;45px||45px|||&#8221; top_divider_style=&#8221;arrow3&#8243; top_divider_height=&#8221;35px&#8221; global_colors_info=&#8221;{}&#8221;][et_pb_row column_structure=&#8221;1_2,1_2&#8243; _builder_version=&#8221;4.17.6&#8243; _module_preset=&#8221;default&#8221; width=&#8221;85%&#8221; custom_padding=&#8221;17px|||||&#8221; global_colors_info=&#8221;{}&#8221;][et_pb_column type=&#8221;1_2&#8243; _builder_version=&#8221;4.17.6&#8243; _module_preset=&#8221;default&#8221; global_colors_info=&#8221;{}&#8221;][et_pb_text _builder_version=&#8221;4.17.6&#8243; _module_preset=&#8221;default&#8221; header_font=&#8221;Montserrat|700||||on|||&#8221; header_text_align=&#8221;right&#8221; header_font_size=&#8221;40px&#8221; header_2_font=&#8221;Montserrat|700||on|||||&#8221; header_2_text_align=&#8221;right&#8221; header_2_font_size=&#8221;30px&#8221; custom_margin=&#8221;||10px|||&#8221; custom_padding=&#8221;15px||||false|false&#8221; global_colors_info=&#8221;{}&#8221;]<\/p>\n<h2 style=\"text-align: left;\"><span style=\"color: #000000;\"><strong>DESCRIPTION<\/strong><\/span><\/h2>\n<p>[\/et_pb_text][et_pb_divider _builder_version=&#8221;4.17.6&#8243; _module_preset=&#8221;default&#8221; width=&#8221;25%&#8221; module_alignment=&#8221;left&#8221; locked=&#8221;off&#8221; global_colors_info=&#8221;{}&#8221;][\/et_pb_divider][et_pb_text _builder_version=&#8221;4.20.4&#8243; _module_preset=&#8221;default&#8221; text_font=&#8221;Montserrat|700||||on|||&#8221; text_text_color=&#8221;#515151&#8243; text_font_size=&#8221;21px&#8221; global_colors_info=&#8221;{}&#8221;]<\/p>\n<p><strong><em>Player quite complete in all aspects of the game, physically very strong and with a large wingspan, good technically, can act as a central defender for his defensive solidity and also as a pivot thanks to his criteria with the ball and his defensive contribution, also has a good arrival and is usually very successful in set pieces.<br \/>\nInvolved in all actions <\/em><\/strong><\/p>\n<p>[\/et_pb_text][\/et_pb_column][et_pb_column type=&#8221;1_2&#8243; _builder_version=&#8221;4.17.6&#8243; _module_preset=&#8221;default&#8221; global_colors_info=&#8221;{}&#8221;][et_pb_image src=&#8221;https:\/\/magicplayers21.com\/wp-content\/uploads\/2022\/08\/Magincplayers-victor-ruiz-defensa.jpeg&#8221; title_text=&#8221;Magincplayers victor ruiz defense&#8221; align=&#8221;center&#8221; _builder_version=&#8221;4.20.4&#8243; _module_preset=&#8221;default&#8221; box_shadow_style=&#8221;preset4&#8243; global_colors_info=&#8221;{}&#8221;][\/et_pb_image][\/et_pb_column][\/et_pb_row][\/et_pb_section][et_pb_section fb_built=&#8221;1&#8243; _builder_version=&#8221;4.17.6&#8243; _module_preset=&#8221;default&#8221; background_color=&#8221;#353535&#8243; custom_padding=&#8221;34px||35px|||&#8221; top_divider_style=&#8221;arrow2&#8243; top_divider_color=&#8221;#FFFFFF&#8221; top_divider_height=&#8221;35px&#8221; global_colors_info=&#8221;{}&#8221;][et_pb_row _builder_version=&#8221;4.17.6&#8243; _module_preset=&#8221;default&#8221; custom_padding=&#8221;16px||22px|||&#8221; global_colors_info=&#8221;{}&#8221;][et_pb_column type=&#8221;4_4&#8243; _builder_version=&#8221;4.17.6&#8243; _module_preset=&#8221;default&#8221; global_colors_info=&#8221;{}&#8221;][et_pb_text _builder_version=&#8221;4.17.6&#8243; _module_preset=&#8221;default&#8221; text_text_color=&#8221;#FFFFFF&#8221; header_font=&#8221;Montserrat|700||||on|||&#8221; header_text_align=&#8221;right&#8221; header_font_size=&#8221;40px&#8221; header_2_font=&#8221;Montserrat|700||on|||||&#8221; header_2_text_align=&#8221;right&#8221; header_2_font_size=&#8221;30px&#8221; custom_margin=&#8221;||10px|||&#8221; custom_padding=&#8221;15px||||false|false&#8221; global_colors_info=&#8221;{}&#8221;]<\/p>\n<h2 style=\"text-align: center;\"><span style=\"color: #ffffff;\"><strong>GALLERY<\/strong><\/span><\/h2>\n<p>[\/et_pb_text][et_pb_divider _builder_version=&#8221;4.17.6&#8243; _module_preset=&#8221;default&#8221; locked=&#8221;off&#8221; global_colors_info=&#8221;{}&#8221;][\/et_pb_divider][et_pb_gallery gallery_ids=&#8221;1684,1685&#8243; gallery_orderby=&#8221;rand&#8221; show_title_and_caption=&#8221;off&#8221; zoom_icon_color=&#8221;#c0cb3f&#8221; hover_icon=&#8221;&#x54;||divi||400&#8243; _builder_version=&#8221;4.20.4&#8243; _module_preset=&#8221;default&#8221; module_alignment=&#8221;center&#8221; global_colors_info=&#8221;{}&#8221;][\/et_pb_gallery][\/et_pb_column][\/et_pb_row][et_pb_row _builder_version=&#8221;4.17.6&#8243; _module_preset=&#8221;default&#8221; locked=&#8221;off&#8221; global_colors_info=&#8221;{}&#8221;][et_pb_column type=&#8221;4_4&#8243; _builder_version=&#8221;4.17.6&#8243; _module_preset=&#8221;default&#8221; global_colors_info=&#8221;{}&#8221;][et_pb_button button_url=&#8221;https:\/\/magicplayers21.com\/en\/players\/&#8221; button_text=&#8221;VIEW ALL PLAYERS&#8221; button_alignment=&#8221;center&#8221; _builder_version=&#8221;4.17.6&#8243; _module_preset=&#8221;default&#8221; custom_button=&#8221;on&#8221; button_text_size=&#8221;18px&#8221; button_bg_use_color_gradient=&#8221;on&#8221; button_bg_color_gradient_direction=&#8221;205deg&#8221; button_bg_color_gradient_stops=&#8221;#c0cb3f 0%|#999b2d 36%&#8221; button_border_width=&#8221;0px&#8221; button_border_color=&#8221;RGBA(255,255,255,0)&#8221; button_border_radius=&#8221;0px&#8221; button_font=&#8221;Montserrat|700|||||||&#8221; button_icon=&#8221;&#xf1e3;||fa||400&#8243; button_on_hover=&#8221;off&#8221; background_layout=&#8221;dark&#8221; button_text_shadow_style=&#8221;preset1&#8243; locked=&#8221;off&#8221; global_colors_info=&#8221;{}&#8221; button_bg_color__hover_enabled=&#8221;on|hover&#8221; button_bg_color_gradient_stops__hover=&#8221;#c0cb3f 0%|#999b2d 14%&#8221; button_bg_use_color_gradient__hover=&#8221;on&#8221;][\/et_pb_button][\/et_pb_column][\/et_pb_row][\/et_pb_section]<\/p>\n","protected":false},"excerpt":{"rendered":"<p>JOAN SALV\u00c1Personal data Name: Mart\u00ed Cresp\u00ed Pascual Date of birth: 15\/6\/87 Place of birth: Sa Pobla, Mallorca, Spain Height \/ Weight: 178cm \/ 67kg Position: Central CAREER STORY17\/18 &#8211; 20\/21 &#8211; Villarreal CF C 20\/21 &#8211; CE L&#8217;Hospitalet 21\/22 &#8211; News &#8211; UD Poblense &nbsp;DESCRIPTIONPlayer quite complete in all aspects of the game, physically very [&hellip;]<\/p>\n","protected":false},"author":1,"featured_media":0,"parent":0,"menu_order":0,"comment_status":"closed","ping_status":"closed","template":"","meta":{"_et_pb_use_builder":"on","_et_pb_old_content":"","_et_gb_content_width":"","footnotes":""},"class_list":["post-3150","page","type-page","status-publish","hentry"],"_links":{"self":[{"href":"https:\/\/magicplayers21.com\/en\/wp-json\/wp\/v2\/pages\/3150","targetHints":{"allow":["GET"]}}],"collection":[{"href":"https:\/\/magicplayers21.com\/en\/wp-json\/wp\/v2\/pages"}],"about":[{"href":"https:\/\/magicplayers21.com\/en\/wp-json\/wp\/v2\/types\/page"}],"author":[{"embeddable":true,"href":"https:\/\/magicplayers21.com\/en\/wp-json\/wp\/v2\/users\/1"}],"replies":[{"embeddable":true,"href":"https:\/\/magicplayers21.com\/en\/wp-json\/wp\/v2\/comments?post=3150"}],"version-history":[{"count":4,"href":"https:\/\/magicplayers21.com\/en\/wp-json\/wp\/v2\/pages\/3150\/revisions"}],"predecessor-version":[{"id":4632,"href":"https:\/\/magicplayers21.com\/en\/wp-json\/wp\/v2\/pages\/3150\/revisions\/4632"}],"wp:attachment":[{"href":"https:\/\/magicplayers21.com\/en\/wp-json\/wp\/v2\/media?parent=3150"}],"curies":[{"name":"wp","href":"https:\/\/api.w.org\/{rel}","templated":true}]}}