{"id":3218,"date":"2022-08-03T17:10:25","date_gmt":"2022-08-03T15:10:25","guid":{"rendered":"https:\/\/magicplayers21.com\/marti-crespi\/"},"modified":"2025-05-20T05:24:41","modified_gmt":"2025-05-20T03:24:41","slug":"marti-crespi","status":"publish","type":"page","link":"https:\/\/magicplayers21.com\/en\/marti-crespi\/","title":{"rendered":"Mart\u00ed Cresp\u00ed"},"content":{"rendered":"<p>[et_pb_section fb_built=&#8221;1&#8243; _builder_version=&#8221;4.17.6&#8243; _module_preset=&#8221;default&#8221; background_image=&#8221;https:\/\/magicplayers21.com\/wp-content\/uploads\/2022\/07\/magic-player-21-fondo-logo.png&#8221; background_size=&#8221;custom&#8221; background_image_width=&#8221;30%&#8221; background_position=&#8221;top_left&#8221; background_enable_pattern_style=&#8221;on&#8221; background_pattern_style=&#8221;tufted&#8221; custom_padding=&#8221;55px||0px||false|false&#8221; top_divider_style=&#8221;arrow2&#8243; top_divider_color=&#8221;#2d2d2d&#8221; top_divider_height=&#8221;35px&#8221; global_colors_info=&#8221;{}&#8221;][et_pb_row column_structure=&#8221;1_2,1_2&#8243; _builder_version=&#8221;4.17.6&#8243; _module_preset=&#8221;default&#8221; width=&#8221;90%&#8221; max_width=&#8221;1920px&#8221; custom_margin=&#8221;|auto|-121px|auto||&#8221; custom_padding=&#8221;10px||0px||false|false&#8221; global_colors_info=&#8221;{}&#8221;][et_pb_column type=&#8221;1_2&#8243; _builder_version=&#8221;4.17.6&#8243; _module_preset=&#8221;default&#8221; global_colors_info=&#8221;{}&#8221;][et_pb_image src=&#8221;https:\/\/magicplayers21.com\/wp-content\/uploads\/2023\/04\/crespi.png&#8221; alt=&#8221;victor ruiz 1&#8243; title_text=&#8221;crespi&#8221; align=&#8221;center&#8221; align_last_edited=&#8221;off|desktop&#8221; _builder_version=&#8221;4.24.2&#8243; _module_preset=&#8221;default&#8221; locked=&#8221;off&#8221; global_colors_info=&#8221;{}&#8221;][\/et_pb_image][\/et_pb_column][et_pb_column type=&#8221;1_2&#8243; _builder_version=&#8221;4.17.6&#8243; _module_preset=&#8221;default&#8221; custom_padding=&#8221;3%||||false|false&#8221; global_colors_info=&#8221;{}&#8221;][et_pb_text _builder_version=&#8221;4.17.6&#8243; _module_preset=&#8221;default&#8221; header_font=&#8221;Montserrat|700||||on|||&#8221; header_text_align=&#8221;left&#8221; header_font_size=&#8221;40px&#8221; custom_margin=&#8221;||10px|||&#8221; global_colors_info=&#8221;{}&#8221;]<\/p>\n<h1><strong><span style=\"color: #c0cb3f;\">MART\u00cd<\/span><span style=\"color: #c0cb3f;\"><span style=\"color: #000000;\"> CRESP\u00cd<\/span><\/span><span style=\"color: #c0cb3f;\"><span style=\"color: #c0cb3f;\"> <\/span><\/span><\/strong><\/h1>\n<p>[\/et_pb_text][et_pb_divider _builder_version=&#8221;4.17.6&#8243; _module_preset=&#8221;default&#8221; width=&#8221;25%&#8221; module_alignment=&#8221;left&#8221; custom_margin=&#8221;0px||24px||false|false&#8221; locked=&#8221;off&#8221; global_colors_info=&#8221;{}&#8221;][\/et_pb_divider][et_pb_text _builder_version=&#8221;4.20.4&#8243; _module_preset=&#8221;default&#8221; text_font=&#8221;Montserrat|800||||on|||&#8221; text_font_size=&#8221;26px&#8221; ul_font=&#8221;Montserrat|700||||on|||&#8221; ul_text_align=&#8221;left&#8221; ul_font_size=&#8221;20px&#8221; ul_line_height=&#8221;1.7em&#8221; header_text_color=&#8221;#000000&#8243; custom_margin=&#8221;7px|||||&#8221; custom_padding=&#8221;18px|||||&#8221; global_colors_info=&#8221;{}&#8221;]<\/p>\n<p><strong>Personal data<\/strong><\/p>\n<p><strong><\/strong><\/p>\n<ul>\n<li><strong>Name: Mart\u00ed Cresp\u00ed Pascual<\/strong><\/li>\n<li><strong>Date of birth: 15\/6\/87<\/strong><\/li>\n<li><strong>Place of birth: Sa Pobla, Mallorca, Spain<\/strong><\/li>\n<li><strong>Height \/ Weight: 178cm \/ 67kg<\/strong><\/li>\n<li><strong>Position: Central<\/strong><\/li>\n<\/ul>\n<p>[\/et_pb_text][\/et_pb_column][\/et_pb_row][\/et_pb_section][et_pb_section fb_built=&#8221;1&#8243; _builder_version=&#8221;4.17.6&#8243; _module_preset=&#8221;default&#8221; background_color=&#8221;#212121&#8243; custom_margin=&#8221;119px|||||&#8221; custom_padding=&#8221;50px||35px|||&#8221; top_divider_style=&#8221;slant2&#8243; top_divider_color=&#8221;#999b2d&#8221; top_divider_height=&#8221;45px&#8221; top_divider_flip=&#8221;horizontal&#8221; global_colors_info=&#8221;{}&#8221;][et_pb_row column_structure=&#8221;1_2,1_2&#8243; _builder_version=&#8221;4.17.6&#8243; _module_preset=&#8221;default&#8221; width=&#8221;75%&#8221; max_width=&#8221;1920px&#8221; module_alignment=&#8221;center&#8221; custom_margin=&#8221;|135px||auto||&#8221; custom_padding=&#8221;25px|||||&#8221; global_colors_info=&#8221;{}&#8221;][et_pb_column type=&#8221;1_2&#8243; _builder_version=&#8221;4.17.6&#8243; _module_preset=&#8221;default&#8221; global_colors_info=&#8221;{}&#8221;][et_pb_image src=&#8221;https:\/\/magicplayers21.com\/wp-content\/uploads\/2022\/12\/marticres.png&#8221; title_text=&#8221;marticres&#8221; align=&#8221;center&#8221; _builder_version=&#8221;4.20.4&#8243; _module_preset=&#8221;default&#8221; custom_padding=&#8221;5%||||false|false&#8221; border_width_bottom=&#8221;10px&#8221; border_color_bottom=&#8221;#999b2d&#8221; border_width_left=&#8221;10px&#8221; border_color_left=&#8221;#c0cb3f&#8221; global_colors_info=&#8221;{}&#8221;][\/et_pb_image][\/et_pb_column][et_pb_column type=&#8221;1_2&#8243; _builder_version=&#8221;4.17.6&#8243; _module_preset=&#8221;default&#8221; global_colors_info=&#8221;{}&#8221;][et_pb_text _builder_version=&#8221;4.17.6&#8243; _module_preset=&#8221;default&#8221; header_font=&#8221;Montserrat|700||||on|||&#8221; header_text_align=&#8221;right&#8221; header_font_size=&#8221;40px&#8221; header_2_font=&#8221;Montserrat|700||on|||||&#8221; header_2_text_align=&#8221;right&#8221; header_2_font_size=&#8221;30px&#8221; custom_margin=&#8221;||10px|||&#8221; global_colors_info=&#8221;{}&#8221;]<\/p>\n<h2><span style=\"color: #ffffff;\"><strong>CAREER STORY<\/strong><\/span><\/h2>\n<p>[\/et_pb_text][et_pb_divider _builder_version=&#8221;4.17.6&#8243; _module_preset=&#8221;default&#8221; width=&#8221;25%&#8221; module_alignment=&#8221;right&#8221; custom_margin=&#8221;0px||24px||false|false&#8221; locked=&#8221;off&#8221; global_colors_info=&#8221;{}&#8221;][\/et_pb_divider][et_pb_text _builder_version=&#8221;4.20.4&#8243; _module_preset=&#8221;default&#8221; text_font=&#8221;Montserrat|800||||on|||&#8221; text_text_color=&#8221;#FFFFFF&#8221; text_font_size=&#8221;21px&#8221; text_orientation=&#8221;right&#8221; custom_padding=&#8221;1px|||||&#8221; global_colors_info=&#8221;{}&#8221;]<\/p>\n<p>RCD Mallorca &#8211; (2006-2008, 2008-2012)<\/p>\n<p>Granada 74 CF &#8211; (2007-2008)<\/p>\n<p>Xerez CD &#8211; (2008-2009)<\/p>\n<p>Elche CF &#8211; (2009-2010)<\/p>\n<p>Odessa Chornomorets &#8211; (2012-2013)<\/p>\n<p>Racing de Santander &#8211; (2013)<\/p>\n<p>CE Sabadell FC &#8211; (2013-2015)<\/p>\n<p>Qingdao Huanghai &#8211; (2016-2018)<\/p>\n<p>Nei Mongol Zhongyou &#8211; (2018)<\/p>\n<p>Odisha FC &#8211; (2018-2019)<\/p>\n<p>East Bengal &#8211; (2019-2020)<\/p>\n<p>Barakaldo CF &#8211; (2021)<\/p>\n<p>San Fernando CD &#8211; (2021-2022)<\/p>\n<p>Atl\u00e9tico Sanluque\u00f1o &#8211; (2022-Present)<\/p>\n<p>[\/et_pb_text][\/et_pb_column][\/et_pb_row][\/et_pb_section][et_pb_section fb_built=&#8221;1&#8243; prev_background_color=&#8221;#212121&#8243; _builder_version=&#8221;4.17.6&#8243; _module_preset=&#8221;default&#8221; background_enable_pattern_style=&#8221;on&#8221; background_pattern_style=&#8221;tufted&#8221; custom_padding=&#8221;45px||45px|||&#8221; top_divider_style=&#8221;arrow3&#8243; top_divider_height=&#8221;35px&#8221; global_colors_info=&#8221;{}&#8221;][et_pb_row column_structure=&#8221;1_2,1_2&#8243; _builder_version=&#8221;4.17.6&#8243; _module_preset=&#8221;default&#8221; width=&#8221;85%&#8221; custom_padding=&#8221;17px|||||&#8221; global_colors_info=&#8221;{}&#8221;][et_pb_column type=&#8221;1_2&#8243; _builder_version=&#8221;4.17.6&#8243; _module_preset=&#8221;default&#8221; global_colors_info=&#8221;{}&#8221;][et_pb_text _builder_version=&#8221;4.17.6&#8243; _module_preset=&#8221;default&#8221; header_font=&#8221;Montserrat|700||||on|||&#8221; header_text_align=&#8221;right&#8221; header_font_size=&#8221;40px&#8221; header_2_font=&#8221;Montserrat|700||on|||||&#8221; header_2_text_align=&#8221;right&#8221; header_2_font_size=&#8221;30px&#8221; custom_margin=&#8221;||10px|||&#8221; custom_padding=&#8221;15px||||false|false&#8221; global_colors_info=&#8221;{}&#8221;]<\/p>\n<h2 style=\"text-align: left;\"><span style=\"color: #000000;\"><strong>DESCRIPTION<\/strong><\/span><\/h2>\n<p>[\/et_pb_text][et_pb_divider _builder_version=&#8221;4.17.6&#8243; _module_preset=&#8221;default&#8221; width=&#8221;25%&#8221; module_alignment=&#8221;left&#8221; locked=&#8221;off&#8221; global_colors_info=&#8221;{}&#8221;][\/et_pb_divider][et_pb_text _builder_version=&#8221;4.20.4&#8243; _module_preset=&#8221;default&#8221; text_font=&#8221;Montserrat|700||||on|||&#8221; text_text_color=&#8221;#515151&#8243; text_font_size=&#8221;21px&#8221; global_colors_info=&#8221;{}&#8221;]<\/p>\n<p style=\"text-align: justify;\">Central defender with a great capacity as a leader in defense, not only for his experience but also for his leadership capacity both on and off the field.  <\/p>\n<p>Very intense in all his defensive actions and with a correct exit of the ball.<br \/>\nHe is decisive in the air game. <\/p>\n<p>[\/et_pb_text][\/et_pb_column][et_pb_column type=&#8221;1_2&#8243; _builder_version=&#8221;4.17.6&#8243; _module_preset=&#8221;default&#8221; global_colors_info=&#8221;{}&#8221;][et_pb_image src=&#8221;https:\/\/magicplayers21.com\/wp-content\/uploads\/2022\/08\/Magincplayers-victor-ruiz-defensa.jpeg&#8221; title_text=&#8221;Magincplayers victor ruiz defense&#8221; align=&#8221;center&#8221; _builder_version=&#8221;4.20.4&#8243; _module_preset=&#8221;default&#8221; box_shadow_style=&#8221;preset4&#8243; global_colors_info=&#8221;{}&#8221;][\/et_pb_image][\/et_pb_column][\/et_pb_row][\/et_pb_section][et_pb_section fb_built=&#8221;1&#8243; _builder_version=&#8221;4.17.6&#8243; _module_preset=&#8221;default&#8221; background_color=&#8221;#353535&#8243; custom_padding=&#8221;34px||35px|||&#8221; top_divider_style=&#8221;arrow2&#8243; top_divider_color=&#8221;#FFFFFF&#8221; top_divider_height=&#8221;35px&#8221; global_colors_info=&#8221;{}&#8221;][et_pb_row _builder_version=&#8221;4.17.6&#8243; _module_preset=&#8221;default&#8221; custom_padding=&#8221;16px||22px|||&#8221; global_colors_info=&#8221;{}&#8221;][et_pb_column type=&#8221;4_4&#8243; _builder_version=&#8221;4.17.6&#8243; _module_preset=&#8221;default&#8221; global_colors_info=&#8221;{}&#8221;][et_pb_text _builder_version=&#8221;4.17.6&#8243; _module_preset=&#8221;default&#8221; text_text_color=&#8221;#FFFFFF&#8221; header_font=&#8221;Montserrat|700||||on|||&#8221; header_text_align=&#8221;right&#8221; header_font_size=&#8221;40px&#8221; header_2_font=&#8221;Montserrat|700||on|||||&#8221; header_2_text_align=&#8221;right&#8221; header_2_font_size=&#8221;30px&#8221; custom_margin=&#8221;||10px|||&#8221; custom_padding=&#8221;15px||||false|false&#8221; global_colors_info=&#8221;{}&#8221;]<\/p>\n<h2 style=\"text-align: center;\"><span style=\"color: #ffffff;\"><strong>GALLERY<\/strong><\/span><\/h2>\n<p>[\/et_pb_text][et_pb_divider _builder_version=&#8221;4.17.6&#8243; _module_preset=&#8221;default&#8221; locked=&#8221;off&#8221; global_colors_info=&#8221;{}&#8221;][\/et_pb_divider][et_pb_gallery gallery_ids=&#8221;1074,1075,1076,1077,1078,1079&#8243; gallery_orderby=&#8221;rand&#8221; show_title_and_caption=&#8221;off&#8221; zoom_icon_color=&#8221;#c0cb3f&#8221; hover_icon=&#8221;&#x54;||divi||400&#8243; _builder_version=&#8221;4.17.6&#8243; _module_preset=&#8221;default&#8221; module_alignment=&#8221;center&#8221; global_colors_info=&#8221;{}&#8221;][\/et_pb_gallery][\/et_pb_column][\/et_pb_row][et_pb_row _builder_version=&#8221;4.16&#8243; global_module=&#8221;3463&#8243; locked=&#8221;off&#8221; global_colors_info=&#8221;{}&#8221;][et_pb_column type=&#8221;4_4&#8243; _builder_version=&#8221;4.24.2&#8243; _module_preset=&#8221;default&#8221; global_colors_info=&#8221;{}&#8221;][et_pb_button button_url=&#8221;https:\/\/magicplayers21.com\/en\/players\/&#8221; button_text=&#8221;VIEW ALL PLAYERS&#8221; button_alignment=&#8221;center&#8221; _builder_version=&#8221;4.24.2&#8243; _module_preset=&#8221;default&#8221; custom_button=&#8221;on&#8221; button_text_size=&#8221;18px&#8221; button_bg_use_color_gradient=&#8221;on&#8221; button_bg_color_gradient_direction=&#8221;205deg&#8221; button_bg_color_gradient_stops=&#8221;#c0cb3f 0%|#999b2d 36%&#8221; button_border_width=&#8221;0px&#8221; button_border_color=&#8221;RGBA(255,255,255,0)&#8221; button_border_radius=&#8221;0px&#8221; button_font=&#8221;Montserrat|700|||||||&#8221; button_icon=&#8221;&#xf1e3;||fa||400&#8243; button_on_hover=&#8221;off&#8221; background_layout=&#8221;dark&#8221; button_text_shadow_style=&#8221;preset1&#8243; locked=&#8221;off&#8221; global_colors_info=&#8221;{}&#8221; button_bg_color__hover_enabled=&#8221;on|hover&#8221; button_bg_color_gradient_stops__hover=&#8221;#c0cb3f 0%|#999b2d 14%&#8221; button_bg_use_color_gradient__hover=&#8221;on&#8221;][\/et_pb_button][\/et_pb_column][\/et_pb_row][\/et_pb_section]<\/p>\n","protected":false},"excerpt":{"rendered":"<p>MART\u00cd CRESP\u00cd Personal data Name: Mart\u00ed Cresp\u00ed Pascual Date of birth: 15\/6\/87 Place of birth: Sa Pobla, Mallorca, Spain Height \/ Weight: 178cm \/ 67kg Position: Central CAREER STORYRCD Mallorca &#8211; (2006-2008, 2008-2012) Granada 74 CF &#8211; (2007-2008) Xerez CD &#8211; (2008-2009) Elche CF &#8211; (2009-2010) Odessa Chornomorets &#8211; (2012-2013) Racing de Santander &#8211; (2013) [&hellip;]<\/p>\n","protected":false},"author":1,"featured_media":0,"parent":0,"menu_order":0,"comment_status":"closed","ping_status":"closed","template":"","meta":{"_et_pb_use_builder":"on","_et_pb_old_content":"","_et_gb_content_width":"","footnotes":""},"class_list":["post-3218","page","type-page","status-publish","hentry"],"_links":{"self":[{"href":"https:\/\/magicplayers21.com\/en\/wp-json\/wp\/v2\/pages\/3218","targetHints":{"allow":["GET"]}}],"collection":[{"href":"https:\/\/magicplayers21.com\/en\/wp-json\/wp\/v2\/pages"}],"about":[{"href":"https:\/\/magicplayers21.com\/en\/wp-json\/wp\/v2\/types\/page"}],"author":[{"embeddable":true,"href":"https:\/\/magicplayers21.com\/en\/wp-json\/wp\/v2\/users\/1"}],"replies":[{"embeddable":true,"href":"https:\/\/magicplayers21.com\/en\/wp-json\/wp\/v2\/comments?post=3218"}],"version-history":[{"count":4,"href":"https:\/\/magicplayers21.com\/en\/wp-json\/wp\/v2\/pages\/3218\/revisions"}],"predecessor-version":[{"id":4640,"href":"https:\/\/magicplayers21.com\/en\/wp-json\/wp\/v2\/pages\/3218\/revisions\/4640"}],"wp:attachment":[{"href":"https:\/\/magicplayers21.com\/en\/wp-json\/wp\/v2\/media?parent=3218"}],"curies":[{"name":"wp","href":"https:\/\/api.w.org\/{rel}","templated":true}]}}